{"id":154,"date":"2020-06-23T14:10:22","date_gmt":"2020-06-23T14:10:22","guid":{"rendered":"https:\/\/beffatours.is\/?page_id=154"},"modified":"2021-06-04T12:06:20","modified_gmt":"2021-06-04T12:06:20","slug":"terms-and-conditions","status":"publish","type":"page","link":"https:\/\/beffatours.is\/?page_id=154","title":{"rendered":"TERMS AND CONDITIONS FOR BEFFA TOURS \/B\u00daB\u00cdL EHF"},"content":{"rendered":"\n<h2> <\/h2>\n\n\n\n<p class=\"has-text-align-center\"><strong>General<\/strong><\/p>\n\n\n\n<p>These terms apply to purchases of tours from the website&nbsp;<a href=\"http:\/\/www.beffatours.is\/\">www.beffatours.is<\/a>&nbsp;which is operated by B\u00fab\u00edl ehf.<br>The terms state the rights and duties of Beffa Tours\/B\u00fab\u00edl ehf. as well as the service buyer. All communication regarding reservation, changes and cancelation of service shall be sent to&nbsp;<a href=\"mailto:info@harbourinn.is\">info@harbourinn.is<\/a><\/p>\n\n\n\n<p class=\"has-text-align-center\"><strong>Online order<\/strong><\/p>\n\n\n\n<p>Customers can book a tour on our website&nbsp;<a href=\"http:\/\/www.beffatours.is\/\">www.beffatours.is<\/a>. When booking has been made, a confirmation and booking reference will be sent to the e-mail provided in the booking process, stating departure time and date. Upon receipt of payment, a service voucher is sent to the e-mail provided in the booking process.<\/p>\n\n\n\n<p class=\"has-text-align-center\"><strong>Cancellation or change of reservation<\/strong><\/p>\n\n\n\n<p>Cancellations 24 hours prior to scheduled departures will be refunded in full. Should a guest fail to arrive on the date of reservation, the full price for the tour shall not be refunded.<\/p>\n\n\n\n<p class=\"has-text-align-center\"><strong>Custom made private tours<\/strong><\/p>\n\n\n\n<p>Custom made tours must be confirmed by a confirmation fee payment of 25% of the total price when booked.&nbsp;<\/p>\n\n\n\n<p class=\"has-text-align-center\"><strong>Confidentiality and security<\/strong><\/p>\n\n\n\n<p>All credit card transactions are verified by Borgun (<a href=\"http:\/\/www.borgun.com\/\" target=\"_blank\" rel=\"noopener\">www.borgun.com<\/a>) and are safeguarded always. Borgun is a payment processor for Beffa Tours\/B\u00fab\u00edl ehf. All customer details are kept by B\u00fab\u00edl ehf. only.<\/p>\n\n\n\n<p class=\"has-text-align-center\"><strong>Tour departure<\/strong><\/p>\n\n\n\n<p>All tours start from and end at the harbor in B\u00edldudalur. Departure time is stated on the confirmation e-mail or voucher. Please arrive at the harbor at least 15 minutes before departure as boarding starts then. It is the customers responsibility to arrive on time, or else risk losing the reserved place on board.<\/p>\n\n\n\n<p class=\"has-text-align-center\"><strong>Weather and sea conditions<\/strong><\/p>\n\n\n\n<p>All tours are depended on weather conditions and can be canceled with short notice. This is done for our customer comfort and safety. In case of cancelled tour due to weather, all tickets will be refunded.<\/p>\n\n\n\n<p>It is also possible to change the departure depending on availability. We do recommend to our customers to bring warm and waterproof clothes and footwear on the tour. It can get cold and wet at sea, even in the middle of summer.<\/p>\n\n\n\n<p class=\"has-text-align-center\"><strong>Liability<\/strong><\/p>\n\n\n\n<p>All our tours run in wild nature and the company reserves the right to alter timetable, change or cancel tours if necessary for example due to weather conditions. The duration of tours can change according to sea conditions. All activities are taken at customers own risk and they must take proper responsibility of their own safety. All outdoor activities carry risk and Beffa Tours\/B\u00fab\u00edl ehf. does not assume any responsibility for accidents caused by customers or that can be traced to the customers own actions or by factors outside of human control. Beffa Tours\/B\u00fab\u00edl ehf. and its staff does not accept any responsibility or liability for any loss or damages on passengers\u2019 possessions on board the boat. With the purchase of your trip you agree to these conditions, understand its implications and accept responsibility for your participation during your tour.<\/p>\n\n\n\n<p class=\"has-text-align-center\"><strong>Law &amp; jurisdiction<\/strong><\/p>\n\n\n\n<p>Disputes will be governed by and construed in accordance with the laws of Iceland and shall be subject to the non-exclusive jurisdiction of the court of Iceland.<\/p>\n\n\n\n<p class=\"has-text-align-center\"><strong>Contact information<\/strong><\/p>\n\n\n\n<p>You can contact us at Beffa Tours:<\/p>\n\n\n\n<p>Through our website:&nbsp;<a href=\"http:\/\/www.beffatours.is\/\">www.beffatours.is<\/a><\/p>\n\n\n\n<p>Send an e-mail to&nbsp;<a href=\"mailto:info@harbourinn.is\">info@harbourinn.is<\/a><\/p>\n\n\n\n<p>Call: 00354-855 5006<\/p>\n","protected":false},"excerpt":{"rendered":"<p>General These terms apply to purchases of tours from the website&nbsp;www.beffatours.is&nbsp;which is operated by B\u00fab\u00edl ehf.The terms state the rights and duties of Beffa Tours\/B\u00fab\u00edl ehf. as well as the service buyer. All communication regarding reservation, changes and cancelation of service shall be sent to&nbsp;info@harbourinn.is Online order Customers can book a tour on our website&nbsp;www.beffatours.is. [&hellip;]<\/p>\n","protected":false},"author":1,"featured_media":0,"parent":0,"menu_order":0,"comment_status":"closed","ping_status":"closed","template":"","meta":{"_monsterinsights_skip_tracking":false,"_monsterinsights_sitenote_active":false,"_monsterinsights_sitenote_note":"","_monsterinsights_sitenote_category":0,"spay_email":""},"_links":{"self":[{"href":"https:\/\/beffatours.is\/index.php?rest_route=\/wp\/v2\/pages\/154"}],"collection":[{"href":"https:\/\/beffatours.is\/index.php?rest_route=\/wp\/v2\/pages"}],"about":[{"href":"https:\/\/beffatours.is\/index.php?rest_route=\/wp\/v2\/types\/page"}],"author":[{"embeddable":true,"href":"https:\/\/beffatours.is\/index.php?rest_route=\/wp\/v2\/users\/1"}],"replies":[{"embeddable":true,"href":"https:\/\/beffatours.is\/index.php?rest_route=%2Fwp%2Fv2%2Fcomments&post=154"}],"version-history":[{"count":7,"href":"https:\/\/beffatours.is\/index.php?rest_route=\/wp\/v2\/pages\/154\/revisions"}],"predecessor-version":[{"id":162,"href":"https:\/\/beffatours.is\/index.php?rest_route=\/wp\/v2\/pages\/154\/revisions\/162"}],"wp:attachment":[{"href":"https:\/\/beffatours.is\/index.php?rest_route=%2Fwp%2Fv2%2Fmedia&parent=154"}],"curies":[{"name":"wp","href":"https:\/\/api.w.org\/{rel}","templated":true}]}}